{"id":4447,"date":"2020-08-11T11:04:19","date_gmt":"2020-08-11T11:04:19","guid":{"rendered":"http:\/\/wpdemo.archiwp.com\/theratio\/?page_id=4447"},"modified":"2022-01-11T23:27:24","modified_gmt":"2022-01-11T23:27:24","slug":"one-page","status":"publish","type":"page","link":"https:\/\/visible-design.at\/index.php\/one-page\/","title":{"rendered":"One Page"},"content":{"rendered":"\t\t<div data-elementor-type=\"wp-page\" data-elementor-id=\"4447\" class=\"elementor elementor-4447\" data-elementor-settings=\"[]\">\n\t\t\t\t\t\t\t<div class=\"elementor-section-wrap\">\n\t\t\t\t\t\t\t<section class=\"elementor-section elementor-top-section elementor-element elementor-element-f280a38 elementor-section-full_width elementor-section-height-full elementor-section-content-middle elementor-section-height-default elementor-section-items-middle\" data-id=\"f280a38\" data-element_type=\"section\" id=\"home\" data-settings=\"{&quot;background_background&quot;:&quot;slideshow&quot;,&quot;background_slideshow_gallery&quot;:[{&quot;id&quot;:4471,&quot;url&quot;:&quot;https:\\\/\\\/theratio.s3.amazonaws.com\\\/images\\\/slideshow1-onepage.jpg&quot;},{&quot;id&quot;:4472,&quot;url&quot;:&quot;https:\\\/\\\/theratio.s3.amazonaws.com\\\/images\\\/slideshow2-onepage.jpg&quot;}],&quot;background_slideshow_slide_duration&quot;:8000,&quot;background_slideshow_slide_transition&quot;:&quot;slide_left&quot;,&quot;background_slideshow_loop&quot;:&quot;yes&quot;,&quot;background_slideshow_transition_duration&quot;:500}\">\n\t\t\t\t\t\t\t<div class=\"elementor-background-overlay\"><\/div>\n\t\t\t\t\t\t\t<div class=\"elementor-container elementor-column-gap-default\">\n\t\t\t\t\t<div class=\"elementor-column elementor-col-100 elementor-top-column elementor-element elementor-element-2ef3c9f ot-flex-column-vertical\" data-id=\"2ef3c9f\" data-element_type=\"column\">\n\t\t\t<div class=\"elementor-widget-wrap elementor-element-populated\">\n\t\t\t\t\t\t\t\t<div class=\"elementor-element elementor-element-0a3a3c0 elementor-widget elementor-widget-heading\" data-id=\"0a3a3c0\" data-element_type=\"widget\" data-widget_type=\"heading.default\">\n\t\t\t\t<div class=\"elementor-widget-container\">\n\t\t\t<style>\/*! elementor - v3.5.3 - 28-12-2021 *\/\n.elementor-heading-title{padding:0;margin:0;line-height:1}.elementor-widget-heading .elementor-heading-title[class*=elementor-size-]>a{color:inherit;font-size:inherit;line-height:inherit}.elementor-widget-heading .elementor-heading-title.elementor-size-small{font-size:15px}.elementor-widget-heading .elementor-heading-title.elementor-size-medium{font-size:19px}.elementor-widget-heading .elementor-heading-title.elementor-size-large{font-size:29px}.elementor-widget-heading .elementor-heading-title.elementor-size-xl{font-size:39px}.elementor-widget-heading .elementor-heading-title.elementor-size-xxl{font-size:59px}<\/style><h2 class=\"elementor-heading-title elementor-size-default\">Service<\/h2>\t\t<\/div>\n\t\t\t\t<\/div>\n\t\t\t\t<div class=\"elementor-element elementor-element-21e6703 elementor-align-center elementor-widget elementor-widget-ibutton\" data-id=\"21e6703\" data-element_type=\"widget\" data-widget_type=\"ibutton.default\">\n\t\t\t\t<div class=\"elementor-widget-container\">\n\t\t\t\t\t<div class=\"ot-button\">\r\n\t\t\t<a href=\"https:\/\/visible-design.at\/index.php\/projects\/\" class=\"octf-btn octf-btn-light\">Projekt ansehen\n\n\n<\/a>\r\n\t    <\/div>\r\n\t    \t\t<\/div>\n\t\t\t\t<\/div>\n\t\t\t\t\t<\/div>\n\t\t<\/div>\n\t\t\t\t\t\t\t<\/div>\n\t\t<\/section>\n\t\t\t\t<section class=\"elementor-section elementor-top-section elementor-element elementor-element-d068981 elementor-section-content-middle elementor-section-boxed elementor-section-height-default elementor-section-height-default\" data-id=\"d068981\" data-element_type=\"section\" id=\"about-us\">\n\t\t\t\t\t\t<div class=\"elementor-container elementor-column-gap-extended\">\n\t\t\t\t\t<div class=\"elementor-column elementor-col-50 elementor-top-column elementor-element elementor-element-9291515 ot-flex-column-vertical\" data-id=\"9291515\" data-element_type=\"column\">\n\t\t\t<div class=\"elementor-widget-wrap elementor-element-populated\">\n\t\t\t\t\t\t\t\t<div class=\"elementor-element elementor-element-f2ec528 elementor-widget elementor-widget-spacer\" data-id=\"f2ec528\" data-element_type=\"widget\" data-widget_type=\"spacer.default\">\n\t\t\t\t<div class=\"elementor-widget-container\">\n\t\t\t\t\t<div class=\"elementor-spacer\">\n\t\t\t<div class=\"elementor-spacer-inner\"><\/div>\n\t\t<\/div>\n\t\t\t\t<\/div>\n\t\t\t\t<\/div>\n\t\t\t\t\t<\/div>\n\t\t<\/div>\n\t\t\t\t<div class=\"elementor-column elementor-col-50 elementor-top-column elementor-element elementor-element-cd91fbe ot-flex-column-vertical\" data-id=\"cd91fbe\" data-element_type=\"column\">\n\t\t\t<div class=\"elementor-widget-wrap elementor-element-populated\">\n\t\t\t\t\t\t\t\t<div class=\"elementor-element elementor-element-ac908d9 elementor-widget elementor-widget-iheading\" data-id=\"ac908d9\" data-element_type=\"widget\" data-widget_type=\"iheading.default\">\n\t\t\t\t<div class=\"elementor-widget-container\">\n\t\t\t\t\t<div class=\"ot-heading is-dots\">\r\n\t        \t        <h2 class=\"main-heading\">Was wir anbieten?<\/h2>\r\n\t        \t    <\/div>\r\n\t    \t\t<\/div>\n\t\t\t\t<\/div>\n\t\t\t\t<div class=\"elementor-element elementor-element-9179626 elementor-widget elementor-widget-heading\" data-id=\"9179626\" data-element_type=\"widget\" data-widget_type=\"heading.default\">\n\t\t\t\t<div class=\"elementor-widget-container\">\n\t\t\t<h2 class=\"elementor-heading-title elementor-size-default\">Where dreams become visible- mit diesem Motto m\u00f6chten wir die Tr\u00e4ume unserer \nKunden visuell darstellen. Kundenzufriedenheit hat f\u00fcr uns oberste Priorit\u00e4t. Genau aus\ndiesem Grund legen wir einen hohen Wert auf eine gute und enge Zusammenarbeit.\nVom Entwurf bis zur Visualisierung \u00fcbernehmen wir jeden Schritt. Schlie\u00dflich m\u00f6chte \nman nicht bei der Realisierung eines Projektes negativ \u00fcberrascht werden. Kontaktieren \nSie uns f\u00fcr ein unverbindliches Angebot per Mail oder Telefon<\/h2>\t\t<\/div>\n\t\t\t\t<\/div>\n\t\t\t\t<div class=\"elementor-element elementor-element-d711c3b elementor-widget elementor-widget-text-editor\" data-id=\"d711c3b\" data-element_type=\"widget\" data-widget_type=\"text-editor.default\">\n\t\t\t\t<div class=\"elementor-widget-container\">\n\t\t\t<style>\/*! elementor - v3.5.3 - 28-12-2021 *\/\n.elementor-widget-text-editor.elementor-drop-cap-view-stacked .elementor-drop-cap{background-color:#818a91;color:#fff}.elementor-widget-text-editor.elementor-drop-cap-view-framed .elementor-drop-cap{color:#818a91;border:3px solid;background-color:transparent}.elementor-widget-text-editor:not(.elementor-drop-cap-view-default) .elementor-drop-cap{margin-top:8px}.elementor-widget-text-editor:not(.elementor-drop-cap-view-default) .elementor-drop-cap-letter{width:1em;height:1em}.elementor-widget-text-editor .elementor-drop-cap{float:left;text-align:center;line-height:1;font-size:50px}.elementor-widget-text-editor .elementor-drop-cap-letter{display:inline-block}<\/style>\t\t\t\t<ul><li><span style=\"text-decoration: underline;\"><em><strong>Zu unseren Arbeitsbereichen z\u00e4hlen:<br \/><br \/><\/strong><\/em><\/span>-Visualisierung<br \/>-Innenraum und Au\u00dfenraumdesign<br \/>-3D Planung eines 2D Planes<br \/>-3D Druck<br \/>-Immobilen Fotos<br \/>-Drohnenaufnahmen<br \/>-Weitere Planungsangebote (Einreichplanung und Ausf\u00fchrungsplanung) auf Anfrage.<span style=\"text-decoration: underline;\"><em><strong><br \/><\/strong><\/em><\/span><\/li><\/ul>\t\t\t\t\t\t<\/div>\n\t\t\t\t<\/div>\n\t\t\t\t<div class=\"elementor-element elementor-element-5f0ab4f elementor-widget elementor-widget-ibutton\" data-id=\"5f0ab4f\" data-element_type=\"widget\" data-widget_type=\"ibutton.default\">\n\t\t\t\t<div class=\"elementor-widget-container\">\n\t\t\t\t\t<div class=\"ot-button\">\r\n\t\t\t<a href=\"https:\/\/visible-design.at\/index.php\/portfolio-grid\/\" class=\"octf-btn octf-btn-dark\">View Projects<\/a>\r\n\t    <\/div>\r\n\t    \t\t<\/div>\n\t\t\t\t<\/div>\n\t\t\t\t\t<\/div>\n\t\t<\/div>\n\t\t\t\t\t\t\t<\/div>\n\t\t<\/section>\n\t\t\t\t\t\t<\/div>\n\t\t\t\t\t<\/div>\n\t\t","protected":false},"excerpt":{"rendered":"<p>Service Projekt ansehen Was wir anbieten? Where dreams become visible- mit diesem Motto m\u00f6chten wir die Tr\u00e4ume unserer Kunden visuell darstellen. Kundenzufriedenheit hat f\u00fcr uns oberste Priorit\u00e4t. Genau aus diesem Grund legen wir einen hohen Wert auf eine gute und enge Zusammenarbeit. Vom Entwurf bis zur Visualisierung \u00fcbernehmen wir jeden Schritt. Schlie\u00dflich m\u00f6chte man nicht [&hellip;]<\/p>\n","protected":false},"author":1,"featured_media":0,"parent":0,"menu_order":0,"comment_status":"closed","ping_status":"closed","template":"elementor_header_footer","meta":{"footnotes":""},"class_list":["post-4447","page","type-page","status-publish","hentry"],"_links":{"self":[{"href":"https:\/\/visible-design.at\/index.php\/wp-json\/wp\/v2\/pages\/4447","targetHints":{"allow":["GET"]}}],"collection":[{"href":"https:\/\/visible-design.at\/index.php\/wp-json\/wp\/v2\/pages"}],"about":[{"href":"https:\/\/visible-design.at\/index.php\/wp-json\/wp\/v2\/types\/page"}],"author":[{"embeddable":true,"href":"https:\/\/visible-design.at\/index.php\/wp-json\/wp\/v2\/users\/1"}],"replies":[{"embeddable":true,"href":"https:\/\/visible-design.at\/index.php\/wp-json\/wp\/v2\/comments?post=4447"}],"version-history":[{"count":37,"href":"https:\/\/visible-design.at\/index.php\/wp-json\/wp\/v2\/pages\/4447\/revisions"}],"predecessor-version":[{"id":4992,"href":"https:\/\/visible-design.at\/index.php\/wp-json\/wp\/v2\/pages\/4447\/revisions\/4992"}],"wp:attachment":[{"href":"https:\/\/visible-design.at\/index.php\/wp-json\/wp\/v2\/media?parent=4447"}],"curies":[{"name":"wp","href":"https:\/\/api.w.org\/{rel}","templated":true}]}}